{"id":14,"date":"2018-10-16T13:15:30","date_gmt":"2018-10-16T13:15:30","guid":{"rendered":"https:\/\/hvaccomfortespanol.com\/index.php\/faq\/"},"modified":"2023-04-27T17:20:34","modified_gmt":"2023-04-27T16:20:34","slug":"faq","status":"publish","type":"page","link":"https:\/\/hvaccomfortespanol.com\/index.php\/faq\/","title":{"rendered":"FAQ"},"content":{"rendered":"\t\t<div data-elementor-type=\"wp-post\" data-elementor-id=\"14\" class=\"elementor elementor-14\">\n\t\t\t\t\t\t<section class=\"elementor-section elementor-top-section elementor-element elementor-element-2811aaaf elementor-section-content-bottom elementor-section-boxed elementor-section-height-default elementor-section-height-default\" data-id=\"2811aaaf\" data-element_type=\"section\" data-e-type=\"section\" data-settings=\"{&quot;background_background&quot;:&quot;classic&quot;}\">\n\t\t\t\t\t\t\t<div class=\"elementor-background-overlay\"><\/div>\n\t\t\t\t\t\t\t<div class=\"elementor-container elementor-column-gap-no\">\n\t\t\t\t\t<div class=\"elementor-column elementor-col-50 elementor-top-column elementor-element elementor-element-63d81746\" data-id=\"63d81746\" data-element_type=\"column\" data-e-type=\"column\">\n\t\t\t<div class=\"elementor-widget-wrap elementor-element-populated\">\n\t\t\t\t\t\t<div class=\"elementor-element elementor-element-19e57255 elementor-widget elementor-widget-heading\" data-id=\"19e57255\" data-element_type=\"widget\" data-e-type=\"widget\" data-widget_type=\"heading.default\">\n\t\t\t\t<div class=\"elementor-widget-container\">\n\t\t\t\t\t<h1 class=\"elementor-heading-title elementor-size-default\">Preguntas mas frecuentes<\/h1>\t\t\t\t<\/div>\n\t\t\t\t<\/div>\n\t\t\t\t\t<\/div>\n\t\t<\/div>\n\t\t\t\t<div class=\"elementor-column elementor-col-50 elementor-top-column elementor-element elementor-element-133d0e33\" data-id=\"133d0e33\" data-element_type=\"column\" data-e-type=\"column\">\n\t\t\t<div class=\"elementor-widget-wrap elementor-element-populated\">\n\t\t\t\t\t\t<div class=\"elementor-element elementor-element-445af88f elementor-align-end elementor-mobile-align-start elementor-icon-list--layout-traditional elementor-list-item-link-full_width elementor-widget elementor-widget-icon-list\" data-id=\"445af88f\" data-element_type=\"widget\" data-e-type=\"widget\" data-widget_type=\"icon-list.default\">\n\t\t\t\t<div class=\"elementor-widget-container\">\n\t\t\t\t\t\t\t<ul class=\"elementor-icon-list-items\">\n\t\t\t\t\t\t\t<li class=\"elementor-icon-list-item\">\n\t\t\t\t\t\t\t\t\t\t\t<span class=\"elementor-icon-list-icon\">\n\t\t\t\t\t\t\t<i aria-hidden=\"true\" class=\"fas fa-phone\"><\/i>\t\t\t\t\t\t<\/span>\n\t\t\t\t\t\t\t\t\t\t<span class=\"elementor-icon-list-text\">972-922-0007<\/span>\n\t\t\t\t\t\t\t\t\t<\/li>\n\t\t\t\t\t\t<\/ul>\n\t\t\t\t\t\t<\/div>\n\t\t\t\t<\/div>\n\t\t\t\t\t<\/div>\n\t\t<\/div>\n\t\t\t\t\t<\/div>\n\t\t<\/section>\n\t\t\t\t<section class=\"elementor-section elementor-top-section elementor-element elementor-element-7d2f7c24 elementor-section-boxed elementor-section-height-default elementor-section-height-default\" data-id=\"7d2f7c24\" data-element_type=\"section\" data-e-type=\"section\">\n\t\t\t\t\t\t<div class=\"elementor-container elementor-column-gap-no\">\n\t\t\t\t\t<div class=\"elementor-column elementor-col-100 elementor-top-column elementor-element elementor-element-177f196f\" data-id=\"177f196f\" data-element_type=\"column\" data-e-type=\"column\">\n\t\t\t<div class=\"elementor-widget-wrap elementor-element-populated\">\n\t\t\t\t\t\t<section class=\"elementor-section elementor-inner-section elementor-element elementor-element-6e6b4d38 elementor-section-boxed elementor-section-height-default elementor-section-height-default\" data-id=\"6e6b4d38\" data-element_type=\"section\" data-e-type=\"section\">\n\t\t\t\t\t\t<div class=\"elementor-container elementor-column-gap-no\">\n\t\t\t\t\t<div class=\"elementor-column elementor-col-33 elementor-inner-column elementor-element elementor-element-414cde8a\" data-id=\"414cde8a\" data-element_type=\"column\" data-e-type=\"column\">\n\t\t\t<div class=\"elementor-widget-wrap elementor-element-populated\">\n\t\t\t\t\t\t<div class=\"elementor-element elementor-element-31a5c216 elementor-widget elementor-widget-heading\" data-id=\"31a5c216\" data-element_type=\"widget\" data-e-type=\"widget\" data-widget_type=\"heading.default\">\n\t\t\t\t<div class=\"elementor-widget-container\">\n\t\t\t\t\t<h2 class=\"elementor-heading-title elementor-size-default\">Preguntas Frecuentes<\/h2>\t\t\t\t<\/div>\n\t\t\t\t<\/div>\n\t\t\t\t\t<\/div>\n\t\t<\/div>\n\t\t\t\t<div class=\"elementor-column elementor-col-66 elementor-inner-column elementor-element elementor-element-1cc58a17\" data-id=\"1cc58a17\" data-element_type=\"column\" data-e-type=\"column\">\n\t\t\t<div class=\"elementor-widget-wrap elementor-element-populated\">\n\t\t\t\t\t\t<div class=\"elementor-element elementor-element-43312b11 elementor-widget elementor-widget-text-editor\" data-id=\"43312b11\" data-element_type=\"widget\" data-e-type=\"widget\" data-widget_type=\"text-editor.default\">\n\t\t\t\t<div class=\"elementor-widget-container\">\n\t\t\t\t\t\t\t\t\t<h5 data-slate-node=\"element\"><span data-slate-node=\"text\">\u00bfQu\u00e9 es HVAC?<\/span><\/h5><h5 data-slate-node=\"element\"><span data-slate-node=\"text\">\u00bfCon qu\u00e9 frecuencia debo cambiar mi filtro de aire?<\/span><\/h5><h5 data-slate-node=\"element\"><span data-slate-node=\"text\">\u00bfQu\u00e9 tama\u00f1o de sistema HVAC necesito?<\/span><\/h5><h5 data-slate-node=\"element\"><span data-slate-node=\"text\">\u00bfC\u00f3mo puedo mejorar la eficiencia energ\u00e9tica de mi sistema HVAC?<\/span><\/h5><h5 data-slate-node=\"element\"><span data-slate-node=\"text\">\u00bfQu\u00e9 debo hacer si mi sistema HVAC se estropea?<\/span><\/h5><h5 data-slate-node=\"element\"><span data-slate-node=\"text\">\u00bfCu\u00e1l es la vida \u00fatil de un sistema HVAC?<\/span><\/h5>\t\t\t\t\t\t\t\t<\/div>\n\t\t\t\t<\/div>\n\t\t\t\t\t<\/div>\n\t\t<\/div>\n\t\t\t\t\t<\/div>\n\t\t<\/section>\n\t\t\t\t<section class=\"elementor-section elementor-inner-section elementor-element elementor-element-1c55b789 elementor-section-boxed elementor-section-height-default elementor-section-height-default\" data-id=\"1c55b789\" data-element_type=\"section\" data-e-type=\"section\">\n\t\t\t\t\t\t<div class=\"elementor-container elementor-column-gap-no\">\n\t\t\t\t\t<div class=\"elementor-column elementor-col-50 elementor-inner-column elementor-element elementor-element-7d847927\" data-id=\"7d847927\" data-element_type=\"column\" data-e-type=\"column\">\n\t\t\t<div class=\"elementor-widget-wrap elementor-element-populated\">\n\t\t\t\t\t\t<div class=\"elementor-element elementor-element-aec371a elementor-widget elementor-widget-text-editor\" data-id=\"aec371a\" data-element_type=\"widget\" data-e-type=\"widget\" data-widget_type=\"text-editor.default\">\n\t\t\t\t<div class=\"elementor-widget-container\">\n\t\t\t\t\t\t\t\t\t<p data-slate-node=\"element\"><strong><span>HVAC significa Calefacci\u00f3n, Ventilaci\u00f3n y Aire Acondicionado.\u00a0Es un sistema que proporciona confort interior mediante la regulaci\u00f3n de la temperatura, la humedad y la calidad del aire.<\/span><\/strong><\/p><p data-slate-node=\"element\"><strong><span>El sistema consta de varios componentes, como acondicionadores de aire, calentadores, ventiladores, conductos, filtros y termostatos.\u00a0Estos componentes trabajan juntos para mantener un ambiente interior c\u00f3modo y saludable.<\/span><\/strong><\/p><h2 data-slate-node=\"element\"><span data-slate-node=\"text\">\u00bfCon qu\u00e9 frecuencia debo cambiar mi filtro de aire?<\/span><\/h2><p data-slate-node=\"element\"><strong><span>Se recomienda cambiar el filtro de aire cada 1 a 3 meses seg\u00fan el uso y el tipo de filtro que tenga.\u00a0Un filtro sucio puede reducir el flujo de aire, disminuir la eficiencia e incluso causar da\u00f1os a su sistema HVAC.<\/span><\/strong><\/p><p data-slate-node=\"element\"><strong><span>Si tiene mascotas o alergias, puede ser necesario cambiar el filtro con m\u00e1s frecuencia para mantener una buena calidad del aire interior.<\/span><\/strong><\/p>\t\t\t\t\t\t\t\t<\/div>\n\t\t\t\t<\/div>\n\t\t\t\t\t<\/div>\n\t\t<\/div>\n\t\t\t\t<div class=\"elementor-column elementor-col-50 elementor-inner-column elementor-element elementor-element-8130854\" data-id=\"8130854\" data-element_type=\"column\" data-e-type=\"column\">\n\t\t\t<div class=\"elementor-widget-wrap elementor-element-populated\">\n\t\t\t\t\t\t<div class=\"elementor-element elementor-element-6bdcf060 elementor-widget elementor-widget-image\" data-id=\"6bdcf060\" data-element_type=\"widget\" data-e-type=\"widget\" data-widget_type=\"image.default\">\n\t\t\t\t<div class=\"elementor-widget-container\">\n\t\t\t\t\t\t\t\t\t\t\t\t\t\t\t<img fetchpriority=\"high\" decoding=\"async\" width=\"1024\" height=\"683\" src=\"https:\/\/hvaccomfortespanol.com\/wp-content\/uploads\/2023\/04\/back-ground-pic-3-1024x683.jpg\" class=\"attachment-large size-large wp-image-1631\" alt=\"\" srcset=\"https:\/\/hvaccomfortespanol.com\/wp-content\/uploads\/2023\/04\/back-ground-pic-3-1024x683.jpg 1024w, https:\/\/hvaccomfortespanol.com\/wp-content\/uploads\/2023\/04\/back-ground-pic-3-300x200.jpg 300w, https:\/\/hvaccomfortespanol.com\/wp-content\/uploads\/2023\/04\/back-ground-pic-3-768x512.jpg 768w, https:\/\/hvaccomfortespanol.com\/wp-content\/uploads\/2023\/04\/back-ground-pic-3-1536x1024.jpg 1536w, https:\/\/hvaccomfortespanol.com\/wp-content\/uploads\/2023\/04\/back-ground-pic-3.jpg 1684w\" sizes=\"(max-width: 1024px) 100vw, 1024px\" \/>\t\t\t\t\t\t\t\t\t\t\t\t\t\t\t<\/div>\n\t\t\t\t<\/div>\n\t\t\t\t\t<\/div>\n\t\t<\/div>\n\t\t\t\t\t<\/div>\n\t\t<\/section>\n\t\t\t\t<section class=\"elementor-section elementor-inner-section elementor-element elementor-element-5a45aa7c elementor-section-boxed elementor-section-height-default elementor-section-height-default\" data-id=\"5a45aa7c\" data-element_type=\"section\" data-e-type=\"section\">\n\t\t\t\t\t\t<div class=\"elementor-container elementor-column-gap-no\">\n\t\t\t\t\t<div class=\"elementor-column elementor-col-50 elementor-inner-column elementor-element elementor-element-551ab16b\" data-id=\"551ab16b\" data-element_type=\"column\" data-e-type=\"column\">\n\t\t\t<div class=\"elementor-widget-wrap elementor-element-populated\">\n\t\t\t\t\t\t<div class=\"elementor-element elementor-element-255ee3c1 elementor-widget elementor-widget-heading\" data-id=\"255ee3c1\" data-element_type=\"widget\" data-e-type=\"widget\" data-widget_type=\"heading.default\">\n\t\t\t\t<div class=\"elementor-widget-container\">\n\t\t\t\t\t<h4 class=\"elementor-heading-title elementor-size-default\">Que tama\u00f1o de systema HVAC que nesecito?<\/h4>\t\t\t\t<\/div>\n\t\t\t\t<\/div>\n\t\t\t\t<div class=\"elementor-element elementor-element-21c8791 elementor-widget elementor-widget-text-editor\" data-id=\"21c8791\" data-element_type=\"widget\" data-e-type=\"widget\" data-widget_type=\"text-editor.default\">\n\t\t\t\t<div class=\"elementor-widget-container\">\n\t\t\t\t\t\t\t\t\t<p data-slate-node=\"element\"><strong><span>El tama\u00f1o de su sistema HVAC depende de varios factores, como el tama\u00f1o de su hogar, el clima de su \u00e1rea y sus objetivos de eficiencia energ\u00e9tica.<\/span><\/strong><\/p><p data-slate-node=\"element\"><strong><span>Un t\u00e9cnico profesional de HVAC puede realizar un c\u00e1lculo de carga para determinar el tama\u00f1o adecuado para su hogar.\u00a0La instalaci\u00f3n de un sistema demasiado peque\u00f1o o demasiado grande puede resultar en un funcionamiento ineficiente, mala calidad del aire interior y mayores costos de energ\u00eda.<\/span><\/strong><\/p>\t\t\t\t\t\t\t\t<\/div>\n\t\t\t\t<\/div>\n\t\t\t\t\t<\/div>\n\t\t<\/div>\n\t\t\t\t<div class=\"elementor-column elementor-col-50 elementor-inner-column elementor-element elementor-element-5892238\" data-id=\"5892238\" data-element_type=\"column\" data-e-type=\"column\">\n\t\t\t<div class=\"elementor-widget-wrap elementor-element-populated\">\n\t\t\t\t\t\t<div class=\"elementor-element elementor-element-63d5af14 elementor-widget elementor-widget-image\" data-id=\"63d5af14\" data-element_type=\"widget\" data-e-type=\"widget\" data-widget_type=\"image.default\">\n\t\t\t\t<div class=\"elementor-widget-container\">\n\t\t\t\t\t\t\t\t\t\t\t\t\t\t\t<img decoding=\"async\" width=\"612\" height=\"459\" src=\"https:\/\/hvaccomfortespanol.com\/wp-content\/uploads\/2023\/04\/condenser.jpg\" class=\"attachment-large size-large wp-image-1707\" alt=\"\" srcset=\"https:\/\/hvaccomfortespanol.com\/wp-content\/uploads\/2023\/04\/condenser.jpg 612w, https:\/\/hvaccomfortespanol.com\/wp-content\/uploads\/2023\/04\/condenser-300x225.jpg 300w\" sizes=\"(max-width: 612px) 100vw, 612px\" \/>\t\t\t\t\t\t\t\t\t\t\t\t\t\t\t<\/div>\n\t\t\t\t<\/div>\n\t\t\t\t\t<\/div>\n\t\t<\/div>\n\t\t\t\t\t<\/div>\n\t\t<\/section>\n\t\t\t\t<section class=\"elementor-section elementor-inner-section elementor-element elementor-element-1f593949 elementor-section-boxed elementor-section-height-default elementor-section-height-default\" data-id=\"1f593949\" data-element_type=\"section\" data-e-type=\"section\">\n\t\t\t\t\t\t<div class=\"elementor-container elementor-column-gap-no\">\n\t\t\t\t\t<div class=\"elementor-column elementor-col-50 elementor-inner-column elementor-element elementor-element-c74fff8\" data-id=\"c74fff8\" data-element_type=\"column\" data-e-type=\"column\">\n\t\t\t<div class=\"elementor-widget-wrap elementor-element-populated\">\n\t\t\t\t\t\t<div class=\"elementor-element elementor-element-5e86bd90 elementor-widget elementor-widget-heading\" data-id=\"5e86bd90\" data-element_type=\"widget\" data-e-type=\"widget\" data-widget_type=\"heading.default\">\n\t\t\t\t<div class=\"elementor-widget-container\">\n\t\t\t\t\t<h4 class=\"elementor-heading-title elementor-size-default\">Como puedo mejorar la eficiencia energetica de mi sistema de aire acondicionado?<\/h4>\t\t\t\t<\/div>\n\t\t\t\t<\/div>\n\t\t\t\t<div class=\"elementor-element elementor-element-4bf89ad elementor-widget elementor-widget-text-editor\" data-id=\"4bf89ad\" data-element_type=\"widget\" data-e-type=\"widget\" data-widget_type=\"text-editor.default\">\n\t\t\t\t<div class=\"elementor-widget-container\">\n\t\t\t\t\t\t\t\t\t<p data-slate-node=\"element\"><strong><span>Hay varias formas de mejorar la eficiencia energ\u00e9tica de su sistema HVAC, como actualizar a un termostato programable, sellar fugas de aire y mantener adecuadamente su sistema.<\/span><\/strong><\/p><p data-slate-node=\"element\"><strong><span>El mantenimiento regular, como la limpieza de serpentines, el cambio de filtros y la verificaci\u00f3n de los niveles de refrigerante, tambi\u00e9n puede mejorar la eficiencia y prolongar la vida \u00fatil de su sistema.<\/span><\/strong><\/p>\t\t\t\t\t\t\t\t<\/div>\n\t\t\t\t<\/div>\n\t\t\t\t\t<\/div>\n\t\t<\/div>\n\t\t\t\t<div class=\"elementor-column elementor-col-50 elementor-inner-column elementor-element elementor-element-5c44c11f\" data-id=\"5c44c11f\" data-element_type=\"column\" data-e-type=\"column\">\n\t\t\t<div class=\"elementor-widget-wrap elementor-element-populated\">\n\t\t\t\t\t\t<div class=\"elementor-element elementor-element-245f1f5f elementor-widget elementor-widget-image\" data-id=\"245f1f5f\" data-element_type=\"widget\" data-e-type=\"widget\" data-widget_type=\"image.default\">\n\t\t\t\t<div class=\"elementor-widget-container\">\n\t\t\t\t\t\t\t\t\t\t\t\t\t\t\t<img decoding=\"async\" width=\"800\" height=\"800\" src=\"https:\/\/hvaccomfortespanol.com\/wp-content\/uploads\/2023\/04\/Carrier_Promo-PNG.png\" class=\"attachment-large size-large wp-image-1709\" alt=\"\" srcset=\"https:\/\/hvaccomfortespanol.com\/wp-content\/uploads\/2023\/04\/Carrier_Promo-PNG.png 800w, https:\/\/hvaccomfortespanol.com\/wp-content\/uploads\/2023\/04\/Carrier_Promo-PNG-300x300.png 300w, https:\/\/hvaccomfortespanol.com\/wp-content\/uploads\/2023\/04\/Carrier_Promo-PNG-150x150.png 150w, https:\/\/hvaccomfortespanol.com\/wp-content\/uploads\/2023\/04\/Carrier_Promo-PNG-768x768.png 768w\" sizes=\"(max-width: 800px) 100vw, 800px\" \/>\t\t\t\t\t\t\t\t\t\t\t\t\t\t\t<\/div>\n\t\t\t\t<\/div>\n\t\t\t\t\t<\/div>\n\t\t<\/div>\n\t\t\t\t\t<\/div>\n\t\t<\/section>\n\t\t\t\t<div class=\"elementor-element elementor-element-da7bcdf elementor-widget elementor-widget-heading\" data-id=\"da7bcdf\" data-element_type=\"widget\" data-e-type=\"widget\" data-widget_type=\"heading.default\">\n\t\t\t\t<div class=\"elementor-widget-container\">\n\t\t\t\t\t<h2 class=\"elementor-heading-title elementor-size-default\">Que debo hacer si mi sistema deja de funcionar?<\/h2>\t\t\t\t<\/div>\n\t\t\t\t<\/div>\n\t\t\t\t<div class=\"elementor-element elementor-element-2d1165c elementor-widget elementor-widget-text-editor\" data-id=\"2d1165c\" data-element_type=\"widget\" data-e-type=\"widget\" data-widget_type=\"text-editor.default\">\n\t\t\t\t<div class=\"elementor-widget-container\">\n\t\t\t\t\t\t\t\t\t<p data-slate-node=\"element\"><strong>Si su sistema HVAC se descompone, el primer paso es verificar su termostato y disyuntor para asegurarse de que funcionen correctamente.<\/strong><\/p><p data-slate-node=\"element\"><strong>Si este no es el problema, lo mejor es ponerse en contacto con un t\u00e9cnico profesional de HVAC que pueda diagnosticar y reparar el problema. Intentar repararlo\u00a0 puede ser peligroso y puede causar m\u00e1s da\u00f1os a su sistema.<\/strong><\/p>\t\t\t\t\t\t\t\t<\/div>\n\t\t\t\t<\/div>\n\t\t\t\t<div class=\"elementor-element elementor-element-0237f05 elementor-widget elementor-widget-heading\" data-id=\"0237f05\" data-element_type=\"widget\" data-e-type=\"widget\" data-widget_type=\"heading.default\">\n\t\t\t\t<div class=\"elementor-widget-container\">\n\t\t\t\t\t<h2 class=\"elementor-heading-title elementor-size-default\">Cual es la vida de un sistema de aire acondicionado?<\/h2>\t\t\t\t<\/div>\n\t\t\t\t<\/div>\n\t\t\t\t<div class=\"elementor-element elementor-element-e13c8b4 elementor-widget elementor-widget-text-editor\" data-id=\"e13c8b4\" data-element_type=\"widget\" data-e-type=\"widget\" data-widget_type=\"text-editor.default\">\n\t\t\t\t<div class=\"elementor-widget-container\">\n\t\t\t\t\t\t\t\t\t<p data-slate-node=\"element\"><strong><span>La vida \u00fatil de un sistema HVAC var\u00eda seg\u00fan el tipo de sistema y qu\u00e9 tan bien se mantiene.\u00a0En promedio, un sistema bien mantenido puede durar entre 10 y 15 a\u00f1os.<\/span><\/strong><\/p><p data-slate-node=\"element\"><strong><span>El mantenimiento regular, como la limpieza de serpentines, el cambio de filtros y la verificaci\u00f3n de los niveles de refrigerante, puede ayudar a prolongar la vida \u00fatil de su sistema.\u00a0Es importante reemplazar su sistema cuando comience a mostrar signos de desgaste para evitar reparaciones costosas y mayores costos de energ\u00eda.<\/span><\/strong><\/p>\t\t\t\t\t\t\t\t<\/div>\n\t\t\t\t<\/div>\n\t\t\t\t\t<\/div>\n\t\t<\/div>\n\t\t\t\t\t<\/div>\n\t\t<\/section>\n\t\t\t\t<section class=\"elementor-section elementor-top-section elementor-element elementor-element-3f4efa1 elementor-section-content-middle elementor-section-boxed elementor-section-height-default elementor-section-height-default\" data-id=\"3f4efa1\" data-element_type=\"section\" data-e-type=\"section\" data-settings=\"{&quot;background_background&quot;:&quot;classic&quot;}\">\n\t\t\t\t\t\t\t<div class=\"elementor-background-overlay\"><\/div>\n\t\t\t\t\t\t\t<div class=\"elementor-container elementor-column-gap-no\">\n\t\t\t\t\t<div class=\"elementor-column elementor-col-100 elementor-top-column elementor-element elementor-element-5ea21a2\" data-id=\"5ea21a2\" data-element_type=\"column\" data-e-type=\"column\">\n\t\t\t<div class=\"elementor-widget-wrap elementor-element-populated\">\n\t\t\t\t\t\t<div class=\"elementor-element elementor-element-2280328 elementor-widget elementor-widget-heading\" data-id=\"2280328\" data-element_type=\"widget\" data-e-type=\"widget\" data-widget_type=\"heading.default\">\n\t\t\t\t<div class=\"elementor-widget-container\">\n\t\t\t\t\t<h3 class=\"elementor-heading-title elementor-size-default\">Para mas informacion llamar<\/h3>\t\t\t\t<\/div>\n\t\t\t\t<\/div>\n\t\t\t\t<div class=\"elementor-element elementor-element-d1bd38e elementor-mobile-align-center elementor-icon-list--layout-traditional elementor-list-item-link-full_width elementor-widget elementor-widget-icon-list\" data-id=\"d1bd38e\" data-element_type=\"widget\" data-e-type=\"widget\" data-widget_type=\"icon-list.default\">\n\t\t\t\t<div class=\"elementor-widget-container\">\n\t\t\t\t\t\t\t<ul class=\"elementor-icon-list-items\">\n\t\t\t\t\t\t\t<li class=\"elementor-icon-list-item\">\n\t\t\t\t\t\t\t\t\t\t\t<span class=\"elementor-icon-list-icon\">\n\t\t\t\t\t\t\t<i aria-hidden=\"true\" class=\"fas fa-phone\"><\/i>\t\t\t\t\t\t<\/span>\n\t\t\t\t\t\t\t\t\t\t<span class=\"elementor-icon-list-text\">972-922-0007<\/span>\n\t\t\t\t\t\t\t\t\t<\/li>\n\t\t\t\t\t\t<\/ul>\n\t\t\t\t\t\t<\/div>\n\t\t\t\t<\/div>\n\t\t\t\t\t<\/div>\n\t\t<\/div>\n\t\t\t\t\t<\/div>\n\t\t<\/section>\n\t\t\t\t<\/div>\n\t\t","protected":false},"excerpt":{"rendered":"<p>Preguntas mas frecuentes 972-922-0007 Preguntas Frecuentes \u00bfQu\u00e9 es HVAC? \u00bfCon qu\u00e9 frecuencia debo cambiar mi filtro de aire? \u00bfQu\u00e9 tama\u00f1o de sistema HVAC necesito? \u00bfC\u00f3mo puedo mejorar la eficiencia energ\u00e9tica de mi sistema HVAC? \u00bfQu\u00e9 debo hacer si mi sistema HVAC se estropea? \u00bfCu\u00e1l es la vida \u00fatil de un sistema HVAC? HVAC significa Calefacci\u00f3n, &hellip;<\/p>\n<p class=\"read-more\"> <a class=\"\" href=\"https:\/\/hvaccomfortespanol.com\/index.php\/faq\/\"> <span class=\"screen-reader-text\">FAQ<\/span> Read More &raquo;<\/a><\/p>\n","protected":false},"author":1,"featured_media":0,"parent":0,"menu_order":0,"comment_status":"closed","ping_status":"closed","template":"","meta":{"site-sidebar-layout":"no-sidebar","site-content-layout":"page-builder","ast-global-header-display":"","ast-main-header-display":"","ast-hfb-above-header-display":"","ast-hfb-below-header-display":"","ast-hfb-mobile-header-display":"","site-post-title":"disabled","ast-breadcrumbs-content":"","ast-featured-img":"disabled","footer-sml-layout":"","theme-transparent-header-meta":"enabled","adv-header-id-meta":"","stick-header-meta":"","header-above-stick-meta":"","header-main-stick-meta":"","header-below-stick-meta":"","footnotes":""},"class_list":["post-14","page","type-page","status-publish","hentry"],"_links":{"self":[{"href":"https:\/\/hvaccomfortespanol.com\/index.php\/wp-json\/wp\/v2\/pages\/14","targetHints":{"allow":["GET"]}}],"collection":[{"href":"https:\/\/hvaccomfortespanol.com\/index.php\/wp-json\/wp\/v2\/pages"}],"about":[{"href":"https:\/\/hvaccomfortespanol.com\/index.php\/wp-json\/wp\/v2\/types\/page"}],"author":[{"embeddable":true,"href":"https:\/\/hvaccomfortespanol.com\/index.php\/wp-json\/wp\/v2\/users\/1"}],"replies":[{"embeddable":true,"href":"https:\/\/hvaccomfortespanol.com\/index.php\/wp-json\/wp\/v2\/comments?post=14"}],"version-history":[{"count":16,"href":"https:\/\/hvaccomfortespanol.com\/index.php\/wp-json\/wp\/v2\/pages\/14\/revisions"}],"predecessor-version":[{"id":1715,"href":"https:\/\/hvaccomfortespanol.com\/index.php\/wp-json\/wp\/v2\/pages\/14\/revisions\/1715"}],"wp:attachment":[{"href":"https:\/\/hvaccomfortespanol.com\/index.php\/wp-json\/wp\/v2\/media?parent=14"}],"curies":[{"name":"wp","href":"https:\/\/api.w.org\/{rel}","templated":true}]}}